{"id":7,"date":"2020-11-10T09:20:27","date_gmt":"2020-11-10T09:20:27","guid":{"rendered":"http:\/\/www.ravetllat.com?page_id=7"},"modified":"2025-06-16T14:31:03","modified_gmt":"2025-06-16T14:31:03","slug":"aromas","status":"publish","type":"page","link":"https:\/\/www.ravetllat.com\/es\/aromas\/","title":{"rendered":"Aromas"},"content":{"rendered":"\r\n<div id=\"hero-banner-block_5faacb8dcdc97\" class=\"hero-banner block\">\r\n\r\n    <div class=\"bg_img\" style=\"background: url(https:\/\/www.ravetllat.com\/wp-content\/uploads\/2021\/02\/aromas_cabecera_color.jpg) no-repeat center; background-size: cover;\"><\/div>\r\n    <div class=\"gradient\"><\/div>\r\n    <div class=\"text_frame\">\r\n        <div class=\"text animated fadeIn wow\" data-wow-duration=\"1.5s\" data-wow-delay=\"0.5s\">\r\n            <h1>Aromas<\/h1>\r\n            <div class=\"divider\"><\/div>\r\n            <div class=\"double_arrow down scroll_down\"><\/div>\r\n        <\/div>\r\n    <\/div>\r\n            <div class=\"paragraph animated fadeIn wow\" data-wow-duration=\"1.5s\" data-wow-delay=\"0.5s\">Dise\u00f1amos tanto bases concentradas como aromas a medida para productos dulces y salados, bebidas y aplicaciones naturales. Nuestras instalaciones de vanguardia cumplen con los m\u00e1s altos est\u00e1ndares de la industria.\r\n<\/div>\r\n    \r\n<\/div>\r\n\r\n<style type=\"text\/css\">\r\n    #hero-banner-block_5faacb8dcdc97 {\r\n        background: ;\r\n        color: ;\r\n    }\r\n<\/style>\n\n\r\n<div id=\"bases\" class=\"fullscreen-centered-text block\">\r\n\r\n    <div class=\"images parallax\">\r\n    <div class=\"image image_color\" style=\"background: url(https:\/\/www.ravetllat.com\/wp-content\/uploads\/2024\/11\/ravetllat-flavours-key-bases_02.jpg) no-repeat center; background-size: cover;\"><\/div>\r\n        <div class=\"image image_bw\" style=\"background: url(https:\/\/www.ravetllat.com\/wp-content\/uploads\/2024\/11\/ravetllat-flavours-key-bases_02.jpg) no-repeat center; background-size: cover;\"><\/div>\r\n        <div class=\"gradient\"><\/div>\r\n    <\/div>\r\n    <div class=\"text_box animated fadeIn wow\" data-wow-duration=\"1.5s\" data-wow-delay=\"0.5s\">\r\n        <h2>Bases Concentradas<\/h2>\r\n        <div class=\"text\">\r\n            Fabricamos bases de alta calidad para una gran variedad de procesos de fabricaci\u00f3n de aromas. Nuestras soluciones garantizan la consistencia, rendimiento e innovaci\u00f3n necesarias para satisfacer las necesidades de la industria.        <\/div>\r\n                    <div class=\"divider\"><\/div>\r\n            <\/div>\r\n\r\n<\/div>\r\n\r\n<style type=\"text\/css\">\r\n    #bases {\r\n        background: ;\r\n        color: ;\r\n    }\r\n<\/style>\n\n\r\n<div id=\"anchor-menu-block_5faacbe2cdc98\" class=\"anchor-menu block bg_light\">\r\n\r\n    <div class=\"flex_container\">\r\n        \r\n                <a class=\"anchor_menu_element animated fadeIn wow\" data-wow-duration=\"1.5s\" data-wow-delay=\"0.5s\" href=\"#dulce\">Dulce<\/a>\r\n\r\n            \r\n                <a class=\"anchor_menu_element animated fadeIn wow\" data-wow-duration=\"1.5s\" data-wow-delay=\"0.5s\" href=\"#salado\">Salado<\/a>\r\n\r\n            \r\n                <a class=\"anchor_menu_element animated fadeIn wow\" data-wow-duration=\"1.5s\" data-wow-delay=\"0.5s\" href=\"#bebidas\">Bebidas<\/a>\r\n\r\n                <\/div>\r\n\r\n<\/div>\r\n\r\n<style type=\"text\/css\">\r\n    #anchor-menu-block_5faacbe2cdc98 {\r\n        background: ;\r\n        color: ;\r\n    }\r\n<\/style>\n\n\r\n<div id=\"photo-text-mosaic-block_67482a6b2dc5c\" class=\"photo-text-mosaic block\">\r\n\r\n    <div class=\"flex_container\">\r\n\r\n                            <div class=\"mosaic_piece image_piece animated fadeIn wow\" data-wow-duration=\"1.5s\" data-wow-delay=\"0.5s\">\r\n                        <div class=\"image image_color\" style=\"background: url(https:\/\/www.ravetllat.com\/wp-content\/uploads\/2021\/02\/cake_color-1024x792.jpg) no-repeat center; background-size: cover;\"><\/div>\r\n                        <div class=\"image image_bw\" style=\"background: url(https:\/\/www.ravetllat.com\/wp-content\/uploads\/2021\/02\/cake-1024x792.jpg) no-repeat center; background-size: cover;\"><\/div>\r\n                    <\/div>\r\n                                    <div class=\"mosaic_piece text_piece bg_dark animated fadeIn wow\" data-wow-duration=\"1.5s\" data-wow-delay=\"0.7s\">\r\n                        <div class=\"text\">\r\n                            Naturalmente delicioso                            <div class=\"divider\"><\/div>\r\n                        <\/div>\r\n                    <\/div>\r\n                                    <div class=\"mosaic_piece image_piece animated fadeIn wow\" data-wow-duration=\"1.5s\" data-wow-delay=\"0.9s\">\r\n                        <div class=\"image image_color\" style=\"background: url(https:\/\/www.ravetllat.com\/wp-content\/uploads\/2021\/01\/MACARRON_COLOR-1024x683.jpg) no-repeat center; background-size: cover;\"><\/div>\r\n                        <div class=\"image image_bw\" style=\"background: url(https:\/\/www.ravetllat.com\/wp-content\/uploads\/2021\/01\/MACARRON_COLOR-1024x683.jpg) no-repeat center; background-size: cover;\"><\/div>\r\n                    <\/div>\r\n                                    <div class=\"mosaic_piece image_piece animated fadeIn wow\" data-wow-duration=\"1.5s\" data-wow-delay=\"1.1s\">\r\n                        <div class=\"image image_color\" style=\"background: url(https:\/\/www.ravetllat.com\/wp-content\/uploads\/2021\/02\/galletas_color-1024x682.jpg) no-repeat center; background-size: cover;\"><\/div>\r\n                        <div class=\"image image_bw\" style=\"background: url(https:\/\/www.ravetllat.com\/wp-content\/uploads\/2021\/02\/galletas_bw-1024x682.jpg) no-repeat center; background-size: cover;\"><\/div>\r\n                    <\/div>\r\n                                    <div class=\"mosaic_piece text_piece bg_medium animated fadeIn wow\" data-wow-duration=\"1.5s\" data-wow-delay=\"1.3s\">\r\n                        <div class=\"text\">\r\n                            Creamos el sabor que tu producto necesita                            <div class=\"divider\"><\/div>\r\n                        <\/div>\r\n                    <\/div>\r\n                                    <div class=\"mosaic_piece image_piece animated fadeIn wow\" data-wow-duration=\"1.5s\" data-wow-delay=\"1.5s\">\r\n                        <div class=\"image image_color\" style=\"background: url(https:\/\/www.ravetllat.com\/wp-content\/uploads\/2021\/02\/pasta_color-1024x768.jpg) no-repeat center; background-size: cover;\"><\/div>\r\n                        <div class=\"image image_bw\" style=\"background: url(https:\/\/www.ravetllat.com\/wp-content\/uploads\/2021\/02\/pasta_color-1024x768.jpg) no-repeat center; background-size: cover;\"><\/div>\r\n                    <\/div>\r\n                                    <div class=\"mosaic_piece image_piece animated fadeIn wow\" data-wow-duration=\"1.5s\" data-wow-delay=\"1.7s\">\r\n                        <div class=\"image image_color\" style=\"background: url(https:\/\/www.ravetllat.com\/wp-content\/uploads\/2021\/02\/icecream_color-1024x682.jpg) no-repeat center; background-size: cover;\"><\/div>\r\n                        <div class=\"image image_bw\" style=\"background: url(https:\/\/www.ravetllat.com\/wp-content\/uploads\/2021\/02\/icecream_bw-1024x682.jpg) no-repeat center; background-size: cover;\"><\/div>\r\n                    <\/div>\r\n                                    <div class=\"mosaic_piece image_piece animated fadeIn wow\" data-wow-duration=\"1.5s\" data-wow-delay=\"1.9s\">\r\n                        <div class=\"image image_color\" style=\"background: url(https:\/\/www.ravetllat.com\/wp-content\/uploads\/2021\/02\/bebidas_color-1024x682.jpg) no-repeat center; background-size: cover;\"><\/div>\r\n                        <div class=\"image image_bw\" style=\"background: url(https:\/\/www.ravetllat.com\/wp-content\/uploads\/2021\/02\/bebidas_color-1024x682.jpg) no-repeat center; background-size: cover;\"><\/div>\r\n                    <\/div>\r\n                \r\n    <\/div>\r\n\r\n<\/div>\r\n\r\n<style type=\"text\/css\">\r\n    #photo-text-mosaic-block_67482a6b2dc5c {\r\n        background: ;\r\n        color: ;\r\n    }\r\n<\/style>\n\n\r\n<div id=\"dulce\" class=\"fullscreen-centered-text block\">\r\n\r\n    <div class=\"images parallax\">\r\n    <div class=\"image image_color\" style=\"background: url(https:\/\/www.ravetllat.com\/wp-content\/uploads\/2021\/02\/candies_color.jpg) no-repeat center; background-size: cover;\"><\/div>\r\n        <div class=\"image image_bw\" style=\"background: url(https:\/\/www.ravetllat.com\/wp-content\/uploads\/2021\/02\/candies_color.jpg) no-repeat center; background-size: cover;\"><\/div>\r\n        <div class=\"gradient\"><\/div>\r\n    <\/div>\r\n    <div class=\"text_box animated fadeIn wow\" data-wow-duration=\"1.5s\" data-wow-delay=\"0.5s\">\r\n        <h2>Dulce<\/h2>\r\n        <div class=\"text\">\r\n            Ofrecemos composiciones tradicionales o innovadoras de aromas dulces para gran variedad de aplicaciones, como confiter\u00eda, postres, productos l\u00e1cteos, suplementos nutricionales, higiene bucal y productos farmac\u00e9uticos.        <\/div>\r\n                    <div class=\"divider\"><\/div>\r\n            <\/div>\r\n\r\n<\/div>\r\n\r\n<style type=\"text\/css\">\r\n    #dulce {\r\n        background: ;\r\n        color: ;\r\n    }\r\n<\/style>\n\n\r\n<div id=\"salado\" class=\"fullscreen-centered-text block\">\r\n\r\n    <div class=\"images parallax\">\r\n    <div class=\"image image_color\" style=\"background: url(https:\/\/www.ravetllat.com\/wp-content\/uploads\/2024\/11\/ravetllat-flavours-savoury_02.jpg) no-repeat center; background-size: cover;\"><\/div>\r\n        <div class=\"image image_bw\" style=\"background: url(https:\/\/www.ravetllat.com\/wp-content\/uploads\/2024\/11\/ravetllat-flavours-savoury_02.jpg) no-repeat center; background-size: cover;\"><\/div>\r\n        <div class=\"gradient\"><\/div>\r\n    <\/div>\r\n    <div class=\"text_box animated fadeIn wow\" data-wow-duration=\"1.5s\" data-wow-delay=\"0.5s\">\r\n        <h2>Salado<\/h2>\r\n        <div class=\"text\">\r\n            Nuestras creaciones van desde las cl\u00e1sicas hasta soluciones \u00e9tnicas o fusi\u00f3n. Atendemos una amplia variedad de mercados, incluyendo condimentos, encurtidos, snacks o salsas.\r\n        <\/div>\r\n                    <div class=\"divider\"><\/div>\r\n            <\/div>\r\n\r\n<\/div>\r\n\r\n<style type=\"text\/css\">\r\n    #salado {\r\n        background: ;\r\n        color: ;\r\n    }\r\n<\/style>\n\n\r\n<div id=\"bebidas\" class=\"fullscreen-centered-text block\">\r\n\r\n    <div class=\"images parallax\">\r\n    <div class=\"image image_color\" style=\"background: url(https:\/\/www.ravetllat.com\/wp-content\/uploads\/2024\/11\/ravetllat-flavours-beverages_02.jpg) no-repeat center; background-size: cover;\"><\/div>\r\n        <div class=\"image image_bw\" style=\"background: url(https:\/\/www.ravetllat.com\/wp-content\/uploads\/2024\/11\/ravetllat-flavours-beverages_02.jpg) no-repeat center; background-size: cover;\"><\/div>\r\n        <div class=\"gradient\"><\/div>\r\n    <\/div>\r\n    <div class=\"text_box animated fadeIn wow\" data-wow-duration=\"1.5s\" data-wow-delay=\"0.5s\">\r\n        <h2>Bebidas<\/h2>\r\n        <div class=\"text\">\r\n            Nuestros aromas para bebidas est\u00e1n cuidadosamente elaborados, combinando ingredientes de alta calidad e innovaci\u00f3n para ofrecer una experiencia \u00fanica y refrescante.\r\n\r\n        <\/div>\r\n                    <div class=\"divider\"><\/div>\r\n            <\/div>\r\n\r\n<\/div>\r\n\r\n<style type=\"text\/css\">\r\n    #bebidas {\r\n        background: ;\r\n        color: ;\r\n    }\r\n<\/style>\n\n\r\n<div id=\"centered-text-block_5faad62f01c67\" class=\"centered-text block bg_dark\">\r\n\r\n    <div class=\"text_box animated fadeIn wow\" data-wow-duration=\"1.5s\" data-wow-delay=\"0.5s\">\r\n        <h2><\/h2>\r\n        <div class=\"text\">\r\n            <p style=\"font-size:28px; line-height: 1.4; \">\u00bfTienes un proyecto en mente? Cont\u00e1ctanos.<\/p>        <\/div>\r\n                    <a class=\"button\" href=\"mailto:info@ravetllat.com\">Env\u00eda un mensaje<\/a>\r\n            <\/div>\r\n\r\n<\/div>\r\n\r\n<style type=\"text\/css\">\r\n    #centered-text-block_5faad62f01c67 {\r\n        background: ;\r\n        color: ;\r\n    }\r\n<\/style>","protected":false},"excerpt":{"rendered":"","protected":false},"author":3,"featured_media":0,"parent":0,"menu_order":0,"comment_status":"closed","ping_status":"closed","template":"","meta":{"footnotes":""},"class_list":["post-7","page","type-page","status-publish","hentry"],"_links":{"self":[{"href":"https:\/\/www.ravetllat.com\/es\/wp-json\/wp\/v2\/pages\/7","targetHints":{"allow":["GET"]}}],"collection":[{"href":"https:\/\/www.ravetllat.com\/es\/wp-json\/wp\/v2\/pages"}],"about":[{"href":"https:\/\/www.ravetllat.com\/es\/wp-json\/wp\/v2\/types\/page"}],"author":[{"embeddable":true,"href":"https:\/\/www.ravetllat.com\/es\/wp-json\/wp\/v2\/users\/3"}],"replies":[{"embeddable":true,"href":"https:\/\/www.ravetllat.com\/es\/wp-json\/wp\/v2\/comments?post=7"}],"version-history":[{"count":131,"href":"https:\/\/www.ravetllat.com\/es\/wp-json\/wp\/v2\/pages\/7\/revisions"}],"predecessor-version":[{"id":3824,"href":"https:\/\/www.ravetllat.com\/es\/wp-json\/wp\/v2\/pages\/7\/revisions\/3824"}],"wp:attachment":[{"href":"https:\/\/www.ravetllat.com\/es\/wp-json\/wp\/v2\/media?parent=7"}],"curies":[{"name":"wp","href":"https:\/\/api.w.org\/{rel}","templated":true}]}}