{"id":38,"date":"2020-11-10T10:36:12","date_gmt":"2020-11-10T10:36:12","guid":{"rendered":"http:\/\/www.ravetllat.com?page_id=38"},"modified":"2026-04-20T13:17:03","modified_gmt":"2026-04-20T13:17:03","slug":"portada","status":"publish","type":"page","link":"https:\/\/www.ravetllat.com\/es\/","title":{"rendered":"Portada"},"content":{"rendered":"\r\n<div id=\"hero-banner-block_5faa6d2152d70\" class=\"hero-banner block\">\r\n\r\n    <div class=\"bg_img\" style=\"background: url(https:\/\/www.ravetllat.com\/wp-content\/uploads\/2025\/10\/rvt-home-hd_07-1920x1274.jpg) no-repeat center; background-size: cover;\"><\/div>\r\n    <div class=\"gradient\"><\/div>\r\n    <div class=\"text_frame\">\r\n        <div class=\"text animated fadeIn wow\" data-wow-duration=\"1.5s\" data-wow-delay=\"0.5s\">\r\n            <h1>Un nuevo camino<\/h1>\r\n            <div class=\"divider\"><\/div>\r\n            <div class=\"double_arrow down scroll_down\"><\/div>\r\n        <\/div>\r\n    <\/div>\r\n            <div class=\"paragraph animated fadeIn wow\" data-wow-duration=\"1.5s\" data-wow-delay=\"0.5s\">Con m\u00e1s de 90 a\u00f1os de historia, iniciamos ahora una nueva etapa, impulsada por una s\u00f3lida inversi\u00f3n en instalaciones, tecnolog\u00eda y talento, respaldada por d\u00e9cadas de experiencia en el sector.<\/div>\r\n    \r\n<\/div>\r\n\r\n<style type=\"text\/css\">\r\n    #hero-banner-block_5faa6d2152d70 {\r\n        background: ;\r\n        color: ;\r\n    }\r\n<\/style>\n\n\r\n<div id=\"fullscreen-centered-text-block_67444be5ee074\" class=\"fullscreen-centered-text block\">\r\n\r\n    <div class=\"images parallax\">\r\n    <div class=\"image image_color\" style=\"background: url(https:\/\/www.ravetllat.com\/wp-content\/uploads\/2025\/05\/rvt-new-fac-02-1920x917.jpg) no-repeat center; background-size: cover;\"><\/div>\r\n        <div class=\"image image_bw\" style=\"background: url(https:\/\/www.ravetllat.com\/wp-content\/uploads\/2025\/05\/rvt-new-fac-01-1920x917.jpg) no-repeat center; background-size: cover;\"><\/div>\r\n        <div class=\"gradient\"><\/div>\r\n    <\/div>\r\n    <div class=\"text_box animated fadeIn wow\" data-wow-duration=\"1.5s\" data-wow-delay=\"0.5s\">\r\n        <h2><h1>Nuevos horizontes<\/h1><\/h2>\r\n        <div class=\"text\">\r\n            Grandes cosas est\u00e1n por venir. Un nuevo espacio para la innovaci\u00f3n, la producci\u00f3n y el servicio. Dise\u00f1ado para crecer. Construido para liderar. \r\n        <\/div>\r\n                    <div class=\"divider\"><\/div>\r\n            <\/div>\r\n\r\n<\/div>\r\n\r\n<style type=\"text\/css\">\r\n    #fullscreen-centered-text-block_67444be5ee074 {\r\n        background: ;\r\n        color: ;\r\n    }\r\n<\/style>\n\n\r\n<div id=\"fullscreen-asimetric-block_5faa96ee53c25\" class=\"fullscreen-asimetric block\">\r\n\r\n    <div class=\"flex_container image_right bg_light\">\r\n        <div class=\"images parallax\">\r\n            <div class=\"image image_color\" style=\"background: url(https:\/\/www.ravetllat.com\/wp-content\/uploads\/2025\/10\/rvt-home-fr-07.jpg) no-repeat center; background-size: cover;\"><\/div>\r\n            <div class=\"image image_bw\" style=\"background: url(https:\/\/www.ravetllat.com\/wp-content\/uploads\/2025\/10\/rvt-home-fr-07.jpg) no-repeat center; background-size: cover;\"><\/div>\r\n        <\/div>\r\n        <div class=\"text_bg\">\r\n            <div class=\"text_box animated fadeIn wow\" data-wow-duration=\"1.5s\" data-wow-delay=\"0.5s\">\r\n                <div class=\"divider\"><\/div>\r\n                <h2>Fragancias<\/h2>\r\n                <div class=\"text\">\r\n                    <p>Ofrecemos las soluciones personalizadas m\u00e1s competitivas, combinando creatividad y precisi\u00f3n para satisfacer sus necesidades.<\/p>\n                <\/div>\r\n                                    <a class=\"button\" href=\"https:\/\/www.ravetllat.com\/es\/fragancias\/\">Explorar m\u00e1s<\/a>\r\n                            <\/div>\r\n        <\/div>\r\n    <\/div>\r\n\r\n<\/div>\r\n\r\n<style type=\"text\/css\">\r\n    #fullscreen-asimetric-block_5faa96ee53c25 {\r\n        background: ;\r\n        color: ;\r\n    }\r\n<\/style>\n\n\r\n<div id=\"fullscreen-asimetric-block_5faaa0e38497d\" class=\"fullscreen-asimetric block\">\r\n\r\n    <div class=\"flex_container image_left bg_dark\">\r\n        <div class=\"images parallax\">\r\n            <div class=\"image image_color\" style=\"background: url(https:\/\/www.ravetllat.com\/wp-content\/uploads\/2024\/11\/ravetllat-flavours-savoury_03.jpg) no-repeat center; background-size: cover;\"><\/div>\r\n            <div class=\"image image_bw\" style=\"background: url(https:\/\/www.ravetllat.com\/wp-content\/uploads\/2024\/11\/ravetllat-flavours-savoury_03.jpg) no-repeat center; background-size: cover;\"><\/div>\r\n        <\/div>\r\n        <div class=\"text_bg\">\r\n            <div class=\"text_box animated fadeIn wow\" data-wow-duration=\"1.5s\" data-wow-delay=\"0.5s\">\r\n                <div class=\"divider\"><\/div>\r\n                <h2>Aromas<\/h2>\r\n                <div class=\"text\">\r\n                    <p>M\u00e1s all\u00e1 del sabor, dise\u00f1amos soluciones innovadoras para la industria de la alimentaci\u00f3n y bebidas.<\/p>\n                <\/div>\r\n                                    <a class=\"button\" href=\"https:\/\/www.ravetllat.com\/es\/aromas\/\">Explorar m\u00e1s<\/a>\r\n                            <\/div>\r\n        <\/div>\r\n    <\/div>\r\n\r\n<\/div>\r\n\r\n<style type=\"text\/css\">\r\n    #fullscreen-asimetric-block_5faaa0e38497d {\r\n        background: ;\r\n        color: ;\r\n    }\r\n<\/style>\n\n\n\n\r\n<div id=\"fullscreen-asimetric-block_5faaa6838497e\" class=\"fullscreen-asimetric block\">\r\n\r\n    <div class=\"flex_container image_right bg_medium\">\r\n        <div class=\"images parallax\">\r\n            <div class=\"image image_color\" style=\"background: url(https:\/\/www.ravetllat.com\/wp-content\/uploads\/2025\/10\/rvt-home-fr-06.jpg) no-repeat center; background-size: cover;\"><\/div>\r\n            <div class=\"image image_bw\" style=\"background: url(https:\/\/www.ravetllat.com\/wp-content\/uploads\/2025\/10\/rvt-home-fr-06.jpg) no-repeat center; background-size: cover;\"><\/div>\r\n        <\/div>\r\n        <div class=\"text_bg\">\r\n            <div class=\"text_box animated fadeIn wow\" data-wow-duration=\"1.5s\" data-wow-delay=\"0.5s\">\r\n                <div class=\"divider\"><\/div>\r\n                <h2>Conocimiento del mercado local y global<\/h2>\r\n                <div class=\"text\">\r\n                    <p>Gracias a nuestro conocimiento de las tendencias del mercado, podemos desarrollar productos \u00fanicos para una amplia gama de mercados finales.<\/p>\n                <\/div>\r\n                                    <a class=\"button\" href=\"https:\/\/www.ravetllat.com\/es\/nosotros\/\">Explorar m\u00e1s<\/a>\r\n                            <\/div>\r\n        <\/div>\r\n    <\/div>\r\n\r\n<\/div>\r\n\r\n<style type=\"text\/css\">\r\n    #fullscreen-asimetric-block_5faaa6838497e {\r\n        background: ;\r\n        color: ;\r\n    }\r\n<\/style>\n\n\r\n<div id=\"logos-block_67485a9fb8e5c\" class=\"logos block\">\r\n\r\n    <div class=\"title animated fadeIn wow\" data-wow-duration=\"1.5s\" data-wow-delay=\"0.5s\">\r\n        <p style=\"font-size:28px; line-height: 1.4; \">Certificaciones y Asociaciones<\/p>    <\/div>\r\n\r\n    <div class=\"swiper_with_nav animated fadeIn wow\" data-wow-duration=\"1.5s\" data-wow-delay=\"0.5s\">\r\n        <!-- Slider main container -->\r\n        <div class=\"swiper-container logos_swiper\">\r\n            <!-- Additional required wrapper -->\r\n            <div class=\"swiper-wrapper\">\r\n                <!-- Slides -->\r\n                \r\n                        <div class=\"swiper-slide\">\r\n                            <a target=\"_blank\" href=\"https:\/\/www.aefaa.com\/\"><img decoding=\"async\" src=\"https:\/\/www.ravetllat.com\/wp-content\/uploads\/2021\/02\/01-05-300x300.png\"><\/a>\r\n                        <\/div>\r\n\r\n                    \r\n                        <div class=\"swiper-slide\">\r\n                            <a target=\"_blank\" href=\"https:\/\/ifrafragrance.org\/home\"><img decoding=\"async\" src=\"https:\/\/www.ravetllat.com\/wp-content\/uploads\/2021\/02\/01-06-300x300.png\"><\/a>\r\n                        <\/div>\r\n\r\n                    \r\n                        <div class=\"swiper-slide\">\r\n                            <a target=\"_blank\" href=\"https:\/\/beautycluster.es\/\"><img decoding=\"async\" src=\"https:\/\/www.ravetllat.com\/wp-content\/uploads\/2021\/02\/01-07-300x300.png\"><\/a>\r\n                        <\/div>\r\n\r\n                    \r\n                        <div class=\"swiper-slide\">\r\n                            <a target=\"_blank\" href=\"https:\/\/www.ecocert.com\/es\/\"><img decoding=\"async\" src=\"https:\/\/www.ravetllat.com\/wp-content\/uploads\/2026\/01\/ecocert-02-300x300-1.png\"><\/a>\r\n                        <\/div>\r\n\r\n                    \r\n                        <div class=\"swiper-slide\">\r\n                            <a target=\"_blank\" href=\"https:\/\/www.iso.org\/es\/home\"><img decoding=\"async\" src=\"https:\/\/www.ravetllat.com\/wp-content\/uploads\/2021\/02\/01-03-300x300.png\"><\/a>\r\n                        <\/div>\r\n\r\n                    \r\n                        <div class=\"swiper-slide\">\r\n                            <a target=\"_blank\" href=\"https:\/\/www.klbdkosher.org\/\"><img decoding=\"async\" src=\"https:\/\/www.ravetllat.com\/wp-content\/uploads\/2021\/02\/01-04-300x300.png\"><\/a>\r\n                        <\/div>\r\n\r\n                    \r\n                        <div class=\"swiper-slide\">\r\n                            <a target=\"_blank\" href=\"https:\/\/www.institutohalal.com\/\"><img decoding=\"async\" src=\"https:\/\/www.ravetllat.com\/wp-content\/uploads\/2021\/02\/01-01-300x300.png\"><\/a>\r\n                        <\/div>\r\n\r\n                    \r\n                        <div class=\"swiper-slide\">\r\n                            <a target=\"_blank\" href=\"https:\/\/www.ravetllat.com\/es\/\"><img decoding=\"async\" src=\"https:\/\/www.ravetllat.com\/wp-content\/uploads\/2026\/04\/intertek-fssc-300x300-2.png\"><\/a>\r\n                        <\/div>\r\n\r\n                    \r\n                        <div class=\"swiper-slide\">\r\n                            <a target=\"_blank\" href=\"https:\/\/www.e-seqc.org\/\"><img decoding=\"async\" src=\"https:\/\/www.ravetllat.com\/wp-content\/uploads\/2021\/02\/01-09-300x300.png\"><\/a>\r\n                        <\/div>\r\n\r\n                                <\/div>\r\n\r\n        <\/div>\r\n        <!-- If we need navigation buttons -->\r\n        <div class=\"swiper_nav logos swiper-prev double_arrow black left\"><\/div>\r\n        <div class=\"swiper_nav logos swiper-next double_arrow black right\"><\/div>\r\n    <\/div>\r\n\r\n\r\n\r\n<\/div>\r\n\r\n<style type=\"text\/css\">\r\n    #logos-block_67485a9fb8e5c {\r\n        background: ;\r\n        color: ;\r\n    }\r\n<\/style>\n\n\r\n<div id=\"centered-text-block_67444861d9986\" class=\"centered-text block bg_medium\">\r\n\r\n    <div class=\"text_box animated fadeIn wow\" data-wow-duration=\"1.5s\" data-wow-delay=\"0.5s\">\r\n        <h2><\/h2>\r\n        <div class=\"text\">\r\n            <p style=\"font-size:28px; line-height: 1.4; \">El compromiso con la excelencia y la flexibilidad son los motores de nuestra empresa. <\/p>        <\/div>\r\n                    <a class=\"button\" href=\"mailto:info@ravetllat.com\">Cont\u00e1ctanos<\/a>\r\n            <\/div>\r\n\r\n<\/div>\r\n\r\n<style type=\"text\/css\">\r\n    #centered-text-block_67444861d9986 {\r\n        background: ;\r\n        color: ;\r\n    }\r\n<\/style>","protected":false},"excerpt":{"rendered":"","protected":false},"author":3,"featured_media":0,"parent":0,"menu_order":0,"comment_status":"closed","ping_status":"closed","template":"","meta":{"footnotes":""},"class_list":["post-38","page","type-page","status-publish","hentry"],"_links":{"self":[{"href":"https:\/\/www.ravetllat.com\/es\/wp-json\/wp\/v2\/pages\/38","targetHints":{"allow":["GET"]}}],"collection":[{"href":"https:\/\/www.ravetllat.com\/es\/wp-json\/wp\/v2\/pages"}],"about":[{"href":"https:\/\/www.ravetllat.com\/es\/wp-json\/wp\/v2\/types\/page"}],"author":[{"embeddable":true,"href":"https:\/\/www.ravetllat.com\/es\/wp-json\/wp\/v2\/users\/3"}],"replies":[{"embeddable":true,"href":"https:\/\/www.ravetllat.com\/es\/wp-json\/wp\/v2\/comments?post=38"}],"version-history":[{"count":159,"href":"https:\/\/www.ravetllat.com\/es\/wp-json\/wp\/v2\/pages\/38\/revisions"}],"predecessor-version":[{"id":4352,"href":"https:\/\/www.ravetllat.com\/es\/wp-json\/wp\/v2\/pages\/38\/revisions\/4352"}],"wp:attachment":[{"href":"https:\/\/www.ravetllat.com\/es\/wp-json\/wp\/v2\/media?parent=38"}],"curies":[{"name":"wp","href":"https:\/\/api.w.org\/{rel}","templated":true}]}}