{"id":2674,"date":"2024-01-04T12:16:13","date_gmt":"2024-01-04T12:16:13","guid":{"rendered":"https:\/\/www.ravetllat.com\/?page_id=2674"},"modified":"2024-12-02T08:46:35","modified_gmt":"2024-12-02T08:46:35","slug":"canal-de-informacion","status":"publish","type":"page","link":"https:\/\/www.ravetllat.com\/es\/canal-de-informacion\/","title":{"rendered":"Canal de Informaci\u00f3n"},"content":{"rendered":"\r\n<div id=\"hero-banner-block_600ec98a2b7d6\" class=\"hero-banner block\">\r\n\r\n    <div class=\"bg_img\" style=\"background: url(https:\/\/www.ravetllat.com\/wp-content\/uploads\/2021\/01\/TOP-1920x1274.jpg) no-repeat center; background-size: cover;\"><\/div>\r\n    <div class=\"gradient\"><\/div>\r\n    <div class=\"text_frame\">\r\n        <div class=\"text animated fadeIn wow\" data-wow-duration=\"1.5s\" data-wow-delay=\"0.5s\">\r\n            <h1>Canal de Informaci\u00f3n<\/h1>\r\n            <div class=\"divider\"><\/div>\r\n            <div class=\"double_arrow down scroll_down\"><\/div>\r\n        <\/div>\r\n    <\/div>\r\n    \r\n<\/div>\r\n\r\n<style type=\"text\/css\">\r\n    #hero-banner-block_600ec98a2b7d6 {\r\n        background: ;\r\n        color: ;\r\n    }\r\n<\/style>\n\n\r\n<div id=\"wysiwyg-block_600eb4cfa2572\" class=\"block wysiwyg\">\r\n\r\n    <div class=\"animated fadeIn wow\" data-wow-duration=\"1.5s\" data-wow-delay=\"0.5s\">\r\n        <div class=\"width\">\r\n            <p>Las pr\u00e1cticas empresariales transparentes y \u00e9ticas son una prioridad en Ravetllat Aromatics. Queremos que nuestros empleados y las terceras partes asociadas con nuestra empresa se sientan c\u00f3modos para hablar si sospechan de cualquier actividad ilegal, deshonesta o discriminatoria en Ravetllat Aromatics.<\/p>\n<p>Para ello usamos Whistlelink, un canal de denuncia de irregularidades seguro en el que puede denunciar malas conductas de forma an\u00f3nima y segura. La informaci\u00f3n recibida y gestionada en Whistlelink se trata con el m\u00e1ximo nivel de confidencialidad.<\/p>\n<p>Para hacer una denuncia, solo tiene que ir a <a href=\"https:\/\/ravetllat.whistlelink.com\/\" target=\"_blank\" rel=\"noopener\" style=\"color:white;\">https:\/\/ravetllat.whistlelink.com\/<\/a> y seguir las instrucciones.<\/p>\n<p>Puede consultar la pol\u00edtica del canal de irregularidades <a href=\"https:\/\/www.ravetllat.com\/politica-de-denuncia-de-irregularidades\" style=\"color:white;\">aqu\u00ed<\/a>.<\/p>\n<p>&nbsp;<\/p>\n        <\/div>\r\n    <\/div>\r\n\r\n<\/div>\r\n\r\n<style type=\"text\/css\">\r\n    #wysiwyg-block_600eb4cfa2572 {\r\n        background: ;\r\n        color: ;\r\n    }\r\n<\/style>\n\n\n<p><\/p>\n","protected":false},"excerpt":{"rendered":"","protected":false},"author":4,"featured_media":0,"parent":0,"menu_order":0,"comment_status":"closed","ping_status":"closed","template":"","meta":{"footnotes":""},"class_list":["post-2674","page","type-page","status-publish","hentry"],"_links":{"self":[{"href":"https:\/\/www.ravetllat.com\/es\/wp-json\/wp\/v2\/pages\/2674","targetHints":{"allow":["GET"]}}],"collection":[{"href":"https:\/\/www.ravetllat.com\/es\/wp-json\/wp\/v2\/pages"}],"about":[{"href":"https:\/\/www.ravetllat.com\/es\/wp-json\/wp\/v2\/types\/page"}],"author":[{"embeddable":true,"href":"https:\/\/www.ravetllat.com\/es\/wp-json\/wp\/v2\/users\/4"}],"replies":[{"embeddable":true,"href":"https:\/\/www.ravetllat.com\/es\/wp-json\/wp\/v2\/comments?post=2674"}],"version-history":[{"count":19,"href":"https:\/\/www.ravetllat.com\/es\/wp-json\/wp\/v2\/pages\/2674\/revisions"}],"predecessor-version":[{"id":3481,"href":"https:\/\/www.ravetllat.com\/es\/wp-json\/wp\/v2\/pages\/2674\/revisions\/3481"}],"wp:attachment":[{"href":"https:\/\/www.ravetllat.com\/es\/wp-json\/wp\/v2\/media?parent=2674"}],"curies":[{"name":"wp","href":"https:\/\/api.w.org\/{rel}","templated":true}]}}