{"id":15,"date":"2020-11-10T09:21:22","date_gmt":"2020-11-10T09:21:22","guid":{"rendered":"http:\/\/www.ravetllat.com?page_id=15"},"modified":"2026-04-23T13:53:22","modified_gmt":"2026-04-23T13:53:22","slug":"contacto","status":"publish","type":"page","link":"https:\/\/www.ravetllat.com\/es\/contacto\/","title":{"rendered":"Contacto"},"content":{"rendered":"\r\n<div id=\"hero-banner-block_5fac006536173\" class=\"hero-banner block\">\r\n\r\n    <div class=\"bg_img\" style=\"background: url(https:\/\/www.ravetllat.com\/wp-content\/uploads\/2021\/01\/trabajamos_Color-1920x1280.jpg) no-repeat center; background-size: cover;\"><\/div>\r\n    <div class=\"gradient\"><\/div>\r\n    <div class=\"text_frame\">\r\n        <div class=\"text animated fadeIn wow\" data-wow-duration=\"1.5s\" data-wow-delay=\"0.5s\">\r\n            <h1>Contacto<\/h1>\r\n            <div class=\"divider\"><\/div>\r\n            <div class=\"double_arrow down scroll_down\"><\/div>\r\n        <\/div>\r\n    <\/div>\r\n            <div class=\"paragraph animated fadeIn wow\" data-wow-duration=\"1.5s\" data-wow-delay=\"0.5s\">\u00bfTienes un proyecto en mente? Cont\u00e1ctanos.<\/div>\r\n    \r\n<\/div>\r\n\r\n<style type=\"text\/css\">\r\n    #hero-banner-block_5fac006536173 {\r\n        background: ;\r\n        color: ;\r\n    }\r\n<\/style>\n\n\n<div class=\"ciudades\">\n<a href=\"#0\">Barcelona<\/a>\n<a href=\"#2\">Dub\u00e1i<\/a>\n<a href=\"#3\">Estambul<\/a>\n<a href=\"#4\">M\u00e9xico<\/a>\n<\/div>\n\n\n\n<div id=\"map-block_5facfec50164c\" class=\"mapXXXX block\">\n\n    <div class=\"block anchor-menu tabs bg_medium\">\n        <div class=\"flex_container\">\n                <div class=\"anchor_menu_element tab_label active\" data-tabid=\"0\">Barcelona<\/div>\n\n                \n                <div class=\"anchor_menu_element tab_label \" data-tabid=\"1\">Barcelona (Aromas)<\/div>\n\n                \n                <div class=\"anchor_menu_element tab_label \" data-tabid=\"2\">Dub\u00e1i<\/div>\n\n                \n                <div class=\"anchor_menu_element tab_label \" data-tabid=\"3\">Estambul<\/div>\n\n                \n                <div class=\"anchor_menu_element tab_label \" data-tabid=\"4\">M\u00e9xico<\/div>\n\n                <\/div>\n    <\/div>\n    \n    <div class=\"tab_content_wrapper\">\n        \n            <div class=\"fullscreen-asimetric block tab_content active\" data-tabid=\"0\">\n                <div id=\"0\" class=\"flex_container image_left bg_dark\">\n                    <div class=\"images\">\n                        <div id=\"map0\" class=\"image\"><\/div>\n                    <\/div>\n                    <div class=\"text_bg\">\n                        <div class=\"text_box\">\n                            <div class=\"divider\"><\/div>\n                            <h2>Barcelona<\/h2>\n                            <div class=\"text\">\n                                <p>Carrer Lima, 9<br \/>\nP.l. Bon Pastor, 08030<br \/>\nBarcelona, Espa\u00f1a<br \/>\n+34 93 345 01 37<br \/>\ninfo@ravetllat.com<\/p>\n                            <\/div>\n                        <\/div>\n                    <\/div>\n                <\/div>\n            <\/div>\n\n            \n            <div class=\"fullscreen-asimetric block tab_content \" data-tabid=\"1\">\n                <div id=\"1\" class=\"flex_container image_left bg_dark\">\n                    <div class=\"images\">\n                        <div id=\"map1\" class=\"image\"><\/div>\n                    <\/div>\n                    <div class=\"text_bg\">\n                        <div class=\"text_box\">\n                            <div class=\"divider\"><\/div>\n                            <h2>Barcelona (Aromas)<\/h2>\n                            <div class=\"text\">\n                                <p>Av. Puig dels Tudons, nave 73-75<br \/>\n08210 Barber\u00e0 del Vall\u00e8s<br \/>\nBarcelona, Spain<br \/>\nT +34 93 049 02 21<br \/>\ninfo@ravetllat.com<\/p>\n                            <\/div>\n                        <\/div>\n                    <\/div>\n                <\/div>\n            <\/div>\n\n            \n            <div class=\"fullscreen-asimetric block tab_content \" data-tabid=\"2\">\n                <div id=\"2\" class=\"flex_container image_left bg_dark\">\n                    <div class=\"images\">\n                        <div id=\"map2\" class=\"image\"><\/div>\n                    <\/div>\n                    <div class=\"text_bg\">\n                        <div class=\"text_box\">\n                            <div class=\"divider\"><\/div>\n                            <h2>Dub\u00e1i<\/h2>\n                            <div class=\"text\">\n                                <p>Al Barsha 1 Office N\u00ba1112<br \/>\nYES Business Tower<br \/>\nDub\u00e1i, Emiratos \u00c1rabes Unidos<br \/>\n+971 (0)45726103<br \/>\nmiddleeast@ravetllat.com<\/p>\n                            <\/div>\n                        <\/div>\n                    <\/div>\n                <\/div>\n            <\/div>\n\n            \n            <div class=\"fullscreen-asimetric block tab_content \" data-tabid=\"3\">\n                <div id=\"3\" class=\"flex_container image_left bg_dark\">\n                    <div class=\"images\">\n                        <div id=\"map3\" class=\"image\"><\/div>\n                    <\/div>\n                    <div class=\"text_bg\">\n                        <div class=\"text_box\">\n                            <div class=\"divider\"><\/div>\n                            <h2>Estambul<\/h2>\n                            <div class=\"text\">\n                                <p>Estambul, \u00dcmraniye<br \/>\nAlize Tower<br \/>\nFinanskent (Site) Mahallesi<br \/>\n\u015eenol G\u00fcne\u015f Bulvar\u0131<br \/>\nNo:36 \u0130\u00e7 Kap\u0131 No: 35<br \/>\nTurqu\u00eda<br \/>\n+90 551 365 99 13<br \/>\nturkey@ravetllat.com<\/p>\n                            <\/div>\n                        <\/div>\n                    <\/div>\n                <\/div>\n            <\/div>\n\n            \n            <div class=\"fullscreen-asimetric block tab_content \" data-tabid=\"4\">\n                <div id=\"4\" class=\"flex_container image_left bg_dark\">\n                    <div class=\"images\">\n                        <div id=\"map4\" class=\"image\"><\/div>\n                    <\/div>\n                    <div class=\"text_bg\">\n                        <div class=\"text_box\">\n                            <div class=\"divider\"><\/div>\n                            <h2>M\u00e9xico<\/h2>\n                            <div class=\"text\">\n                                <p>Calle 5 de Mayo # 201\u00a0Bodega \u201cC\u201d<br \/>\nCol. Providencia<br \/>\nC.P. 02440<br \/>\nAzcapotzalco, CDMX, M\u00e9xico<br \/>\n+52 55 5572 45 63<br \/>\ncomercialmx@ravetllat.com<\/p>\n                            <\/div>\n                        <\/div>\n                    <\/div>\n                <\/div>\n            <\/div>\n\n            \n        <script type=\"text\/javascript\">\n        var map1, map2;\n        \n        function drawMap() {\n        \n            \/\/var mapCenter = new google.maps.LatLng(-33.865143, 151.209900); \/\/ Sydney\n            \n            var mapOptions = {\n                zoom: 13,\n                mapTypeId: google.maps.MapTypeId.ROADMAP,\n                mapTypeControl: true,\n                \/\/center: mapCenter,\n                fullscreenControl: false,\n                styles: [\n                    {\n                        \"featureType\": \"all\",\n                        \"elementType\": \"geometry.fill\",\n                        \"stylers\": [\n                            {\n                                \"weight\": \"2.00\"\n                            }\n                        ]\n                    },\n                    {\n                        \"featureType\": \"all\",\n                        \"elementType\": \"geometry.stroke\",\n                        \"stylers\": [\n                            {\n                                \"color\": \"#9c9c9c\"\n                            }\n                        ]\n                    },\n                    {\n                        \"featureType\": \"all\",\n                        \"elementType\": \"labels.text\",\n                        \"stylers\": [\n                            {\n                                \"visibility\": \"on\"\n                            }\n                        ]\n                    },\n                    {\n                        \"featureType\": \"landscape\",\n                        \"elementType\": \"all\",\n                        \"stylers\": [\n                            {\n                                \"color\": \"#f2f2f2\"\n                            }\n                        ]\n                    },\n                    {\n                        \"featureType\": \"landscape\",\n                        \"elementType\": \"geometry.fill\",\n                        \"stylers\": [\n                            {\n                                \"color\": \"#ffffff\"\n                            }\n                        ]\n                    },\n                    {\n                        \"featureType\": \"landscape.man_made\",\n                        \"elementType\": \"geometry.fill\",\n                        \"stylers\": [\n                            {\n                                \"color\": \"#ffffff\"\n                            }\n                        ]\n                    },\n                    {\n                        \"featureType\": \"poi\",\n                        \"elementType\": \"all\",\n                        \"stylers\": [\n                            {\n                                \"visibility\": \"off\"\n                            }\n                        ]\n                    },\n                    {\n                        \"featureType\": \"road\",\n                        \"elementType\": \"all\",\n                        \"stylers\": [\n                            {\n                                \"saturation\": -100\n                            },\n                            {\n                                \"lightness\": 45\n                            }\n                        ]\n                    },\n                    {\n                        \"featureType\": \"road\",\n                        \"elementType\": \"geometry.fill\",\n                        \"stylers\": [\n                            {\n                                \"color\": \"#eeeeee\"\n                            }\n                        ]\n                    },\n                    {\n                        \"featureType\": \"road\",\n                        \"elementType\": \"labels.text.fill\",\n                        \"stylers\": [\n                            {\n                                \"color\": \"#7b7b7b\"\n                            }\n                        ]\n                    },\n                    {\n                        \"featureType\": \"road\",\n                        \"elementType\": \"labels.text.stroke\",\n                        \"stylers\": [\n                            {\n                                \"color\": \"#ffffff\"\n                            }\n                        ]\n                    },\n                    {\n                        \"featureType\": \"road.highway\",\n                        \"elementType\": \"all\",\n                        \"stylers\": [\n                            {\n                                \"visibility\": \"simplified\"\n                            }\n                        ]\n                    },\n                    {\n                        \"featureType\": \"road.arterial\",\n                        \"elementType\": \"labels.icon\",\n                        \"stylers\": [\n                            {\n                                \"visibility\": \"off\"\n                            }\n                        ]\n                    },\n                    {\n                        \"featureType\": \"transit\",\n                        \"elementType\": \"all\",\n                        \"stylers\": [\n                            {\n                                \"visibility\": \"off\"\n                            }\n                        ]\n                    },\n                    {\n                        \"featureType\": \"water\",\n                        \"elementType\": \"all\",\n                        \"stylers\": [\n                            {\n                                \"color\": \"#46bcec\"\n                            },\n                            {\n                                \"visibility\": \"on\"\n                            }\n                        ]\n                    },\n                    {\n                        \"featureType\": \"water\",\n                        \"elementType\": \"geometry.fill\",\n                        \"stylers\": [\n                            {\n                                \"color\": \"#efefef\"\n                            }\n                        ]\n                    },\n                    {\n                        \"featureType\": \"water\",\n                        \"elementType\": \"labels.text.fill\",\n                        \"stylers\": [\n                            {\n                                \"color\": \"#070707\"\n                            }\n                        ]\n                    },\n                    {\n                        \"featureType\": \"water\",\n                        \"elementType\": \"labels.text.stroke\",\n                        \"stylers\": [\n                            {\n                                \"color\": \"#ffffff\"\n                            }\n                        ]\n                    }\n                ] \n            }\n\n            \n                mapOptions.center = new google.maps.LatLng(41.43975235551144, 2.2026450930485764);\n                map0 = new google.maps.Map(document.getElementById(\"map0\"), mapOptions);\n\n                var marker = new google.maps.Marker({\n                    position: {lat: 41.43975235551144, lng: 2.2026450930485764},\n                    icon: 'https:\/\/ravetllat.com\/wp-content\/uploads\/2020\/11\/map_pointer-01.png',\n                    map: map0                });\n\n                \n                mapOptions.center = new google.maps.LatLng(41.5206875, 2.1484375);\n                map1 = new google.maps.Map(document.getElementById(\"map1\"), mapOptions);\n\n                var marker = new google.maps.Marker({\n                    position: {lat: 41.5206875, lng: 2.1484375},\n                    icon: 'https:\/\/ravetllat.com\/wp-content\/uploads\/2020\/11\/map_pointer-01.png',\n                    map: map1                });\n\n                \n                mapOptions.center = new google.maps.LatLng(25.111706, 55.2061903);\n                map2 = new google.maps.Map(document.getElementById(\"map2\"), mapOptions);\n\n                var marker = new google.maps.Marker({\n                    position: {lat: 25.111706, lng: 55.2061903},\n                    icon: 'https:\/\/ravetllat.com\/wp-content\/uploads\/2020\/11\/map_pointer-01.png',\n                    map: map2                });\n\n                \n                mapOptions.center = new google.maps.LatLng(41.0000625, 29.1179375);\n                map3 = new google.maps.Map(document.getElementById(\"map3\"), mapOptions);\n\n                var marker = new google.maps.Marker({\n                    position: {lat: 41.0000625, lng: 29.1179375},\n                    icon: 'https:\/\/ravetllat.com\/wp-content\/uploads\/2020\/11\/map_pointer-01.png',\n                    map: map3                });\n\n                \n                mapOptions.center = new google.maps.LatLng(19.4929875, -99.2080156);\n                map4 = new google.maps.Map(document.getElementById(\"map4\"), mapOptions);\n\n                var marker = new google.maps.Marker({\n                    position: {lat: 19.4929875, lng: -99.2080156},\n                    icon: 'https:\/\/ravetllat.com\/wp-content\/uploads\/2020\/11\/map_pointer-01.png',\n                    map: map4                });\n\n                        \n        }\n        <\/script>\n\n        <script src=\"https:\/\/maps.googleapis.com\/maps\/api\/js?key=AIzaSyDPAgfBwIg5M_1xS23sikcIwub86U6cJGk&#038;callback=drawMap\"><\/script>\n\n    <\/div>\n\n<\/div>\n\n<style type=\"text\/css\">\n    #map-block_5facfec50164c {\n        background: ;\n        color: ;\n    }\n<\/style>\n\n\n<p><\/p>\n","protected":false},"excerpt":{"rendered":"<p>Barcelona Dub\u00e1i Estambul M\u00e9xico<\/p>\n","protected":false},"author":3,"featured_media":0,"parent":0,"menu_order":0,"comment_status":"closed","ping_status":"closed","template":"","meta":{"footnotes":""},"class_list":["post-15","page","type-page","status-publish","hentry"],"_links":{"self":[{"href":"https:\/\/www.ravetllat.com\/es\/wp-json\/wp\/v2\/pages\/15","targetHints":{"allow":["GET"]}}],"collection":[{"href":"https:\/\/www.ravetllat.com\/es\/wp-json\/wp\/v2\/pages"}],"about":[{"href":"https:\/\/www.ravetllat.com\/es\/wp-json\/wp\/v2\/types\/page"}],"author":[{"embeddable":true,"href":"https:\/\/www.ravetllat.com\/es\/wp-json\/wp\/v2\/users\/3"}],"replies":[{"embeddable":true,"href":"https:\/\/www.ravetllat.com\/es\/wp-json\/wp\/v2\/comments?post=15"}],"version-history":[{"count":89,"href":"https:\/\/www.ravetllat.com\/es\/wp-json\/wp\/v2\/pages\/15\/revisions"}],"predecessor-version":[{"id":4481,"href":"https:\/\/www.ravetllat.com\/es\/wp-json\/wp\/v2\/pages\/15\/revisions\/4481"}],"wp:attachment":[{"href":"https:\/\/www.ravetllat.com\/es\/wp-json\/wp\/v2\/media?parent=15"}],"curies":[{"name":"wp","href":"https:\/\/api.w.org\/{rel}","templated":true}]}}