{"id":11,"date":"2020-11-10T09:21:03","date_gmt":"2020-11-10T09:21:03","guid":{"rendered":"http:\/\/www.ravetllat.com?page_id=11"},"modified":"2024-11-27T15:01:38","modified_gmt":"2024-11-27T15:01:38","slug":"noticias","status":"publish","type":"page","link":"https:\/\/www.ravetllat.com\/es\/noticias\/","title":{"rendered":"Noticias"},"content":{"rendered":"\n<div id=\"all-news-block_60098ec2c4572\" class=\"all-news block\">\n\n   <div class=\"bg_img\" style=\"background: url(https:\/\/www.ravetllat.com\/wp-content\/uploads\/2021\/01\/Noticias-1920x1187.jpg) no-repeat center; background-size: cover;\"><\/div>\n    <div class=\"gradient\"><\/div>\n    <div class=\"text_frame\">\n        <div class=\"text animated fadeIn wow\" data-wow-duration=\"1.5s\" data-wow-delay=\"0.5s\">\n            <h1>Noticias<\/h1>\n            <div class=\"divider\"><\/div>\n            <div class=\"double_arrow down scroll_down\"><\/div>\n        <\/div>\n    <\/div>\n\n    \n    <div class=\"articles\">\n\n        <div class=\"articles_list\">\n\n            \n                <a class=\"article bg_dark\" href=\"https:\/\/www.ravetllat.com\/es\/welcome-paula-sanchez-to-ravetllat-fragrances\/\">\n                    <div class=\"images\">\n                        <div class=\"image image_color\" style=\"background: url(https:\/\/www.ravetllat.com\/wp-content\/uploads\/2026\/02\/Paula_sanchez-web_01.jpg) no-repeat center; background-size: cover;\"><\/div>\n                        <div class=\"image image_bw\" style=\"background: url(https:\/\/www.ravetllat.com\/wp-content\/uploads\/2026\/02\/Paula_sanchez-web_01.jpg) no-repeat center; background-size: cover;\"><\/div>\n                    <\/div>\n                    <div class=\"text_bg\">\n                        <div class=\"text_box animated fadeIn wow\" data-wow-duration=\"1.5s\" data-wow-delay=\"0.5s\">\n                            <h2>Damos la bienvenida a Paula S\u00e1nchez a Ravetllat Fragrances<\/h2>\n                            <div class=\"text\">\n                                <span class=\"date\">03 Feb 2026 | <\/span> \n                                <p>Estamos encantados de dar la bienvenida a Paula S\u00e1nchez como nuestra nueva Marketing Manager [&hellip;]<\/p>\n                            <\/div>\n                            <div class=\"keep_reading button\">Leer m\u00e1s<\/div>\n                        <\/div>\n                    <\/div>\n                <\/a>\n\n                \n                <a class=\"article image_left\" href=\"https:\/\/www.ravetllat.com\/es\/meet-marta-perez-perfumer-at-ravetllat-fragrances\/\">\n                    <div class=\"images\">\n                        <div class=\"image image_color\" style=\"background: url(https:\/\/www.ravetllat.com\/wp-content\/uploads\/2025\/12\/mperez-web_01.jpg) no-repeat center; background-size: cover;\"><\/div>\n                        <div class=\"image image_bw\" style=\"background: url(https:\/\/www.ravetllat.com\/wp-content\/uploads\/2025\/12\/mperez-web_01.jpg) no-repeat center; background-size: cover;\"><\/div>\n                    <\/div>\n                    <div class=\"text_bg\">\n                        <div class=\"text_box animated fadeIn wow\" data-wow-duration=\"1.5s\" data-wow-delay=\"0.5s\">\n                            <h2>Conoce a Marta P\u00e9rez, Perfumista en Ravetllat Fragrances<\/h2>\n                            <div class=\"text\">\n                                <span class=\"date\">10 Dic 2025 | <\/span> \n                                <p>Estamos encantados de presentar a Marta P\u00e9rez, perfumista en Ravetllat Fragrances y valiosa integrante [&hellip;]<\/p>\n                            <\/div>\n                            <div class=\"keep_reading button\">Leer m\u00e1s<\/div>\n                        <\/div>\n                    <\/div>\n                <\/a>\n\n                \n                <a class=\"article bg_dark\" href=\"https:\/\/www.ravetllat.com\/es\/fanny-moreau-joins-ravetllat-fragrances-as-fragrance-development-sensory-manager\/\">\n                    <div class=\"images\">\n                        <div class=\"image image_color\" style=\"background: url(https:\/\/www.ravetllat.com\/wp-content\/uploads\/2025\/11\/fmoreau-web_01.jpg) no-repeat center; background-size: cover;\"><\/div>\n                        <div class=\"image image_bw\" style=\"background: url(https:\/\/www.ravetllat.com\/wp-content\/uploads\/2025\/11\/fmoreau-web_01.jpg) no-repeat center; background-size: cover;\"><\/div>\n                    <\/div>\n                    <div class=\"text_bg\">\n                        <div class=\"text_box animated fadeIn wow\" data-wow-duration=\"1.5s\" data-wow-delay=\"0.5s\">\n                            <h2>Fanny Moreau se une a Ravetllat como Fragrance Development &amp; Sensory Manager<\/h2>\n                            <div class=\"text\">\n                                <span class=\"date\">14 Nov 2025 | <\/span> \n                                <p>Nos complace anunciar que Fanny Moreau se ha incorporado a Ravetllat Fragrances como nuestra [&hellip;]<\/p>\n                            <\/div>\n                            <div class=\"keep_reading button\">Leer m\u00e1s<\/div>\n                        <\/div>\n                    <\/div>\n                <\/a>\n\n                \n                <a class=\"article image_left\" href=\"https:\/\/www.ravetllat.com\/es\/strategic-expansion-in-dubai\/\">\n                    <div class=\"images\">\n                        <div class=\"image image_color\" style=\"background: url(https:\/\/www.ravetllat.com\/wp-content\/uploads\/2025\/10\/Ravetllat_Science_Park_Dubai-web_01.jpg) no-repeat center; background-size: cover;\"><\/div>\n                        <div class=\"image image_bw\" style=\"background: url(https:\/\/www.ravetllat.com\/wp-content\/uploads\/2025\/10\/Ravetllat_Science_Park_Dubai-web_01.jpg) no-repeat center; background-size: cover;\"><\/div>\n                    <\/div>\n                    <div class=\"text_bg\">\n                        <div class=\"text_box animated fadeIn wow\" data-wow-duration=\"1.5s\" data-wow-delay=\"0.5s\">\n                            <h2>Expansi\u00f3n estrat\u00e9gica en Dub\u00e1i<\/h2>\n                            <div class=\"text\">\n                                <span class=\"date\">14 Oct 2025 | <\/span> \n                                <p>Nos complace anunciar que nuestra filial en Dub\u00e1i se prepara para trasladarse a su [&hellip;]<\/p>\n                            <\/div>\n                            <div class=\"keep_reading button\">Leer m\u00e1s<\/div>\n                        <\/div>\n                    <\/div>\n                <\/a>\n\n                \n                <a class=\"article bg_dark\" href=\"https:\/\/www.ravetllat.com\/es\/robert-cabal-partners-with-ravetllat-aromatics-new-project\/\">\n                    <div class=\"images\">\n                        <div class=\"image image_color\" style=\"background: url(https:\/\/www.ravetllat.com\/wp-content\/uploads\/2025\/10\/Robert-Cabal-web_01.jpg) no-repeat center; background-size: cover;\"><\/div>\n                        <div class=\"image image_bw\" style=\"background: url(https:\/\/www.ravetllat.com\/wp-content\/uploads\/2025\/10\/Robert-Cabal-web_01.jpg) no-repeat center; background-size: cover;\"><\/div>\n                    <\/div>\n                    <div class=\"text_bg\">\n                        <div class=\"text_box animated fadeIn wow\" data-wow-duration=\"1.5s\" data-wow-delay=\"0.5s\">\n                            <h2>Robert Cabal se asocia al nuevo proyecto de Ravetllat Aromatics<\/h2>\n                            <div class=\"text\">\n                                <span class=\"date\">07 Oct 2025 | <\/span> \n                                <p>Ravetllat Aromatics se complace en anunciar la incorporaci\u00f3n de Robert Cabal como responsable de [&hellip;]<\/p>\n                            <\/div>\n                            <div class=\"keep_reading button\">Leer m\u00e1s<\/div>\n                        <\/div>\n                    <\/div>\n                <\/a>\n\n                \n                <a class=\"article image_left\" href=\"https:\/\/www.ravetllat.com\/es\/carlos-serrano-has-joined-ravetllat-aromatics-as-our-new-fragrance-creative-manager\/\">\n                    <div class=\"images\">\n                        <div class=\"image image_color\" style=\"background: url(https:\/\/www.ravetllat.com\/wp-content\/uploads\/2025\/10\/Carlos-Serrano-web_01.jpg) no-repeat center; background-size: cover;\"><\/div>\n                        <div class=\"image image_bw\" style=\"background: url(https:\/\/www.ravetllat.com\/wp-content\/uploads\/2025\/10\/Carlos-Serrano-web_01.jpg) no-repeat center; background-size: cover;\"><\/div>\n                    <\/div>\n                    <div class=\"text_bg\">\n                        <div class=\"text_box animated fadeIn wow\" data-wow-duration=\"1.5s\" data-wow-delay=\"0.5s\">\n                            <h2>Carlos Serrano se ha incorporado como nuevo Fragrance Creative Manager<\/h2>\n                            <div class=\"text\">\n                                <span class=\"date\">01 Oct 2025 | <\/span> \n                                <p>Con m\u00e1s de 20 a\u00f1os de experiencia en el sector, Carlos ha perfeccionado su [&hellip;]<\/p>\n                            <\/div>\n                            <div class=\"keep_reading button\">Leer m\u00e1s<\/div>\n                        <\/div>\n                    <\/div>\n                <\/a>\n\n                \n                <a class=\"article bg_dark\" href=\"https:\/\/www.ravetllat.com\/es\/new-facilities-new-horizons\/\">\n                    <div class=\"images\">\n                        <div class=\"image image_color\" style=\"background: url(https:\/\/www.ravetllat.com\/wp-content\/uploads\/2025\/09\/rvt-new-fac-01.jpg) no-repeat center; background-size: cover;\"><\/div>\n                        <div class=\"image image_bw\" style=\"background: url(https:\/\/www.ravetllat.com\/wp-content\/uploads\/2025\/09\/rvt-new-fac-01.jpg) no-repeat center; background-size: cover;\"><\/div>\n                    <\/div>\n                    <div class=\"text_bg\">\n                        <div class=\"text_box animated fadeIn wow\" data-wow-duration=\"1.5s\" data-wow-delay=\"0.5s\">\n                            <h2>Nuevas Instalaciones, Nuevos Horizontes<\/h2>\n                            <div class=\"text\">\n                                <span class=\"date\">26 Sep 2025 | <\/span> \n                                <p>Grandes cosas est\u00e1n por venir. Para 2026, nuestra nueva sede en Barcelona\u2014con m\u00e1s de [&hellip;]<\/p>\n                            <\/div>\n                            <div class=\"keep_reading button\">Leer m\u00e1s<\/div>\n                        <\/div>\n                    <\/div>\n                <\/a>\n\n                \n                <a class=\"article image_left\" href=\"https:\/\/www.ravetllat.com\/es\/ravetllat-aromatics-appoints-xavier-catalan-as-director-general\/\">\n                    <div class=\"images\">\n                        <div class=\"image image_color\" style=\"background: url(https:\/\/www.ravetllat.com\/wp-content\/uploads\/2025\/09\/Xavier-Catalan-web_01-1.jpg) no-repeat center; background-size: cover;\"><\/div>\n                        <div class=\"image image_bw\" style=\"background: url(https:\/\/www.ravetllat.com\/wp-content\/uploads\/2025\/09\/Xavier-Catalan-web_01-1.jpg) no-repeat center; background-size: cover;\"><\/div>\n                    <\/div>\n                    <div class=\"text_bg\">\n                        <div class=\"text_box animated fadeIn wow\" data-wow-duration=\"1.5s\" data-wow-delay=\"0.5s\">\n                            <h2>Ravetllat Aromatics nombra a Xavier Catalan como Director General<\/h2>\n                            <div class=\"text\">\n                                <span class=\"date\">15 Sep 2025 | <\/span> \n                                <p>Ravetllat Aromatics anuncia el nombramiento de Xavier Catalan como nuevo Director General, efectivo desde [&hellip;]<\/p>\n                            <\/div>\n                            <div class=\"keep_reading button\">Leer m\u00e1s<\/div>\n                        <\/div>\n                    <\/div>\n                <\/a>\n\n                \n        <\/div>\n\n        <div class=\"elm-wrapper\">\n  <button class=\"elm-button\" data-href=\"https:\/\/www.ravetllat.com\/es\/wp-json\/wp\/v2\/pages\/11\" data-page=\"1\" data-max-pages=\"0\">\n<div class=\"elm-loading-anim\">\n  <svg class=\"elm-loading-icon\" viewBox=\"0 0 120 30\" xmlns=\"http:\/\/www.w3.org\/2000\/svg\">\n\t    <circle cx=\"15\" cy=\"15\" r=\"15\">\n\t        <animate attributeName=\"r\" from=\"9\" to=\"9\"\n\t                 begin=\"0s\" dur=\"0.8s\"\n\t                 values=\"9;15;9\" calcMode=\"linear\"\n\t                 repeatCount=\"indefinite\" \/>\n\t        <animate attributeName=\"fill-opacity\" from=\"0.5\" to=\"0.5\"\n\t                 begin=\"0s\" dur=\"0.8s\"\n\t                 values=\".5;1;.5\" calcMode=\"linear\"\n\t                 repeatCount=\"indefinite\" \/>\n\t    <\/circle>\n\t    <circle cx=\"60\" cy=\"15\" r=\"9\" fill-opacity=\"0.3\">\n\t        <animate attributeName=\"r\" from=\"9\" to=\"9\"\n\t                 begin=\"0.2s\" dur=\"0.8s\"\n\t                 values=\"9;15;9\" calcMode=\"linear\"\n\t                 repeatCount=\"indefinite\" \/>\n\t        <animate attributeName=\"fill-opacity\" from=\"0.5\" to=\"0.5\"\n\t                 begin=\"0.2s\" dur=\"0.8s\"\n\t                 values=\".5;1;.5\" calcMode=\"linear\"\n\t                 repeatCount=\"indefinite\" \/>\n\t    <\/circle>\n\t    <circle cx=\"105\" cy=\"15\" r=\"15\">\n\t        <animate attributeName=\"r\" from=\"9\" to=\"9\"\n\t                 begin=\"0.4s\" dur=\"0.8s\"\n\t                 values=\"9;15;9\" calcMode=\"linear\"\n\t                 repeatCount=\"indefinite\" \/>\n\t        <animate attributeName=\"fill-opacity\" from=\"0.5\" to=\"0.5\"\n\t                 begin=\"0.4s\" dur=\"0.8s\"\n\t                 values=\".5;1;.5\" calcMode=\"linear\"\n\t                 repeatCount=\"indefinite\" \/>\n\t    <\/circle>\n\t<\/svg>\n<\/div>\n    <span class=\"elm-button-text\">Load More<\/span>\n  <\/button>\n<\/div>\n<script> jQuery('span.elm-button-text').html('Cargar m\u00e1s');<\/script>\n                    <!--<div class=\"pagination\">-->\n                            <!--<\/div>-->\n            \n    <\/div>\n\n<\/div>\n\n<style type=\"text\/css\">\n    #all-news-block_60098ec2c4572 {\n        background: ;\n        color: ;\n    }\n<\/style>\n\n\n<p><\/p>\n","protected":false},"excerpt":{"rendered":"","protected":false},"author":3,"featured_media":0,"parent":0,"menu_order":0,"comment_status":"closed","ping_status":"closed","template":"","meta":{"footnotes":""},"class_list":["post-11","page","type-page","status-publish","hentry"],"_links":{"self":[{"href":"https:\/\/www.ravetllat.com\/es\/wp-json\/wp\/v2\/pages\/11","targetHints":{"allow":["GET"]}}],"collection":[{"href":"https:\/\/www.ravetllat.com\/es\/wp-json\/wp\/v2\/pages"}],"about":[{"href":"https:\/\/www.ravetllat.com\/es\/wp-json\/wp\/v2\/types\/page"}],"author":[{"embeddable":true,"href":"https:\/\/www.ravetllat.com\/es\/wp-json\/wp\/v2\/users\/3"}],"replies":[{"embeddable":true,"href":"https:\/\/www.ravetllat.com\/es\/wp-json\/wp\/v2\/comments?post=11"}],"version-history":[{"count":36,"href":"https:\/\/www.ravetllat.com\/es\/wp-json\/wp\/v2\/pages\/11\/revisions"}],"predecessor-version":[{"id":3294,"href":"https:\/\/www.ravetllat.com\/es\/wp-json\/wp\/v2\/pages\/11\/revisions\/3294"}],"wp:attachment":[{"href":"https:\/\/www.ravetllat.com\/es\/wp-json\/wp\/v2\/media?parent=11"}],"curies":[{"name":"wp","href":"https:\/\/api.w.org\/{rel}","templated":true}]}}